{"id":5021,"date":"2015-08-06T20:08:08","date_gmt":"2015-08-06T19:08:08","guid":{"rendered":"http:\/\/fulviocortese.it\/?page_id=5021"},"modified":"2015-08-20T15:35:42","modified_gmt":"2015-08-20T14:35:42","slug":"cookie-policy","status":"publish","type":"page","link":"https:\/\/fulviocortese.it\/?page_id=5021","title":{"rendered":"Cookie Policy"},"content":{"rendered":"<p class=\"p1\"><span class=\"s1\">I \u201ccookie\u201d sono file di piccole dimensioni che vengono archiviati dal browser sul vostro computer o dispositivo mobile. Essi permettono ai siti web di tenere in memoria alcune informazioni, come le preferenze dell\u2019utente, il tipo di dispositivo utilizzato e altre informazioni, garantendo un funzionamento pi\u00f9 efficiente del sito, arricchendo l\u2019esperienza di visita e fornendo informazioni ai proprietari del sito stesso.<br \/>\nAlcuni cookies vengono automaticamente eliminati al termine della sessione di navigazione (c.d. cookies di sessione), mentre altri restano memorizzati nei terminali (cookies persistenti).<\/span><\/p>\n<p class=\"p1\"><span class=\"s1\">La vigente normativa in tema di privacy fa riferimento al decreto legislativo 30 giugno 2003, n\u00b0 196, recentemente modificato in attuazione delle direttive 2009\/136\/CE e 2009\/140\/CE.<\/span><\/p>\n<p class=\"p1\"><span class=\"s1\">www.fulviocortese.it\u00a0utilizza i cookies per migliorare il funzionamento del sito, arricchire la user\u2019s experience e compilare statistiche sull\u2019uso del sito stesso.<\/span><\/p>\n<p class=\"p1\"><span class=\"s1\">Una visita ad una o pi\u00f9 pagine del sito pu\u00f2 generare i seguenti tipi di cookies:<\/span><\/p>\n<p><b><\/b><span class=\"s3\"><b>Cookies sulle performance del sito :<\/b><\/span><span class=\"s1\"> sono cookies di sessione necessari per consentire l\u2019esplorazione sicura ed efficiente del sito.<\/span><\/p>\n<p><b><\/b><span class=\"s3\"><b>Cookies di analisi anonimi:<\/b><\/span><span class=\"s1\"> sono definiti anonimi in quanto non possono essere utilizzati per identificare individui specifici.<\/span><\/p>\n<p><b>Cookies di terze parti:<\/b> su alcune pagine di collegamento con i social network e con altre applicazioni multimediali, sono impostati dei cookies anonimi di terze parti, allo scopo di tracciare e migliorare il funzionamento e la personalizzazione delle proprie applicazioni.\u00a0Per le policy relative ai cookie dei social network associati al sito www.fulviocortese.it \u00e8 possibile consultare le singole informative:<\/p>\n<ul>\n<li><a href=\"https:\/\/www.google.it\/intl\/it\/policies\/privacy\/\" target=\"_blank\">Google<\/a><\/li>\n<li><a href=\"https:\/\/support.twitter.com\/articles\/20170519-uso-dei-cookie-e-di-altre-tecnologie-simili-da-parte-di-twitter\" target=\"_self\">Twitter<\/a><\/li>\n<li><a href=\"https:\/\/www.facebook.com\/help\/cookies?ref_type=sitefooter\" target=\"_self\">Facebook<\/a><\/li>\n<li><a href=\"https:\/\/www.linkedin.com\/legal\/cookie-policy?trk=uno-reg-guest-home-cookie-policy\">Linkedin<\/a><\/li>\n<\/ul>\n<p><strong><span class=\"s1\">CONSENSO<\/span><\/strong><span class=\"s3\"><br \/>\n<\/span><\/p>\n<p class=\"p1\"><span class=\"s1\">La navigazione su\u00a0www.fulviocortese.it\u00a0comporta l\u2019accettazione delle condizioni d\u2019uso, comprese le funzionalit\u00e0 legate ai cookies che possono essere disabilitati utilizzando le opzioni specifiche presenti nei vari tipi di browser e illustrate nel paragrafo successivo.<\/span><\/p>\n<p class=\"p3\"><strong><span class=\"s1\">DISABILITAZIONE DEI COOKIE<\/span><\/strong><span class=\"s3\"><br \/>\n<\/span><\/p>\n<p class=\"p1\"><span class=\"s1\">Tutti i browser possono essere impostati in modo da evitare che vengano accettati i cookies; modificando le preferenze del browser Internet utilizzato, \u00e8 possibile accettarli tutti, accettarne solo alcuni, oppure rifiutarli tutti. Tuttavia, disabilitarli permanentemente pu\u00f2 comportare difficolt\u00e0 di navigazione o, talvolta, l\u2019impossibilit\u00e0 di usufruire di alcune funzionalit\u00e0 e servizi offerti dei siti web.<\/span><\/p>\n<p class=\"p1\"><span class=\"s1\">Qui di seguito vengono riportate le modalit\u00e0 di disattivazione dei cookies per i browser pi\u00f9 utilizzati. Per l\u2019impostazione in browser diversi da quelli elencati, occorre fare riferimento alla documentazione di aiuto redatta dal produttore del browser stesso.<\/span><\/p>\n<p class=\"p4\"><span class=\"s1\"><b>Internet Explorer 8.0+:<\/b><\/span><\/p>\n<ul class=\"ul1\">\n<li class=\"li2\"><span class=\"s1\">Fare clic su \u201cStrumenti\u201d nella barra dei men\u00f9 e selezionare \u201cOpzioni Internet\u201d<\/span><\/li>\n<li class=\"li2\"><span class=\"s1\">Fare clic sulla scheda \u201cPrivacy\u201d nella parte superiore<\/span><\/li>\n<li class=\"li2\"><span class=\"s1\">Trascinare il dispositivo di scorrimento fino a \u201cBlocca tutti i cookie\u201d<\/span><\/li>\n<\/ul>\n<p class=\"p4\"><span class=\"s1\"><b>Firefox 4.0+:<\/b><\/span><\/p>\n<ul class=\"ul1\">\n<li class=\"li2\"><span class=\"s1\">Fare clic su \u201cStrumenti\u201d nella barra dei men\u00f9<\/span><\/li>\n<li class=\"li2\"><span class=\"s1\">Selezionare \u201cOpzioni\u201d<\/span><\/li>\n<li class=\"li2\"><span class=\"s1\">Fare clic sulla scheda \u201cPrivacy\u201d<\/span><\/li>\n<li class=\"li2\"><span class=\"s1\">Selezionare la casella \u201cAttiva l\u2019opzione anti-tracciamento dei dati personali\u201d<\/span><\/li>\n<\/ul>\n<p class=\"p4\"><span class=\"s1\"><b>Chrome:<\/b><\/span><\/p>\n<ul class=\"ul1\">\n<li class=\"li2\"><span class=\"s1\">Fare clic sul \u201cMen\u00f9 chrome\u201d nella barra degli strumenti del browser<\/span><\/li>\n<li class=\"li2\"><span class=\"s1\">Selezionare \u201cImpostazioni\u201d<\/span><\/li>\n<li class=\"li2\"><span class=\"s1\">Fare clic su \u201cMostra impostazioni avanzate\u201d<\/span><\/li>\n<li class=\"li2\"><span class=\"s1\">Nella sezione Privacy, fare clic sul pulsante \u201cImpostazioni contenuti\u201d<\/span><\/li>\n<li class=\"li2\"><span class=\"s1\">Nella sezione \u201cCookie\u201d selezionare \u201cBlocca cookie di terze parti e dati dei siti\u201d e \u201cImpedisci ai siti di impostare dati\u201d<\/span><\/li>\n<\/ul>\n<p class=\"p4\"><span class=\"s1\"><b>Safari 5.0+:<\/b><\/span><\/p>\n<ul class=\"ul1\">\n<li class=\"li2\"><span class=\"s1\">Fare clic sul menu Safari e selezionare \u201cPreferenze\u201d<\/span><\/li>\n<li class=\"li2\"><span class=\"s1\">Fare clic sulla scheda \u201cPrivacy\u201d<\/span><\/li>\n<li class=\"li2\"><span class=\"s1\">Nella sezione \u201cBlocca cookie\u201d specificare se accettare i cookie sempre, mai o solo da sponsor e terze parti. Per una spiegazione delle diverse opzioni fare clic sul pulsante Guida a forma di punto interrogativo. Se Safari \u00e8 impostato per bloccare i cookie, potrebbe essere necessario accettarli temporaneamente per l\u2019apertura della pagina. Ripetere quindi i passaggi indicati sopra e selezionare \u201cSempre\u201d. Una volta terminato di utilizzare la guida, disattivare nuovamente i cookie e cancellarli.<\/span><\/li>\n<\/ul>\n","protected":false},"excerpt":{"rendered":"<p>I \u201ccookie\u201d sono file di piccole dimensioni che vengono archiviati dal browser sul vostro computer o dispositivo mobile. Essi permettono ai siti web di tenere in memoria alcune informazioni, come le preferenze dell\u2019utente, il tipo di dispositivo utilizzato e altre informazioni, garantendo un funzionamento pi\u00f9 efficiente del sito, arricchendo l\u2019esperienza di visita e fornendo informazioni <a href='https:\/\/fulviocortese.it\/?page_id=5021'>[&#8230;]<\/a><\/p>\n","protected":false},"author":1,"featured_media":0,"parent":0,"menu_order":0,"comment_status":"closed","ping_status":"open","template":"","meta":{"footnotes":""},"class_list":["post-5021","page","type-page","status-publish","hentry","post-seq-1","post-parity-odd","full-content"],"_links":{"self":[{"href":"https:\/\/fulviocortese.it\/index.php?rest_route=\/wp\/v2\/pages\/5021","targetHints":{"allow":["GET"]}}],"collection":[{"href":"https:\/\/fulviocortese.it\/index.php?rest_route=\/wp\/v2\/pages"}],"about":[{"href":"https:\/\/fulviocortese.it\/index.php?rest_route=\/wp\/v2\/types\/page"}],"author":[{"embeddable":true,"href":"https:\/\/fulviocortese.it\/index.php?rest_route=\/wp\/v2\/users\/1"}],"replies":[{"embeddable":true,"href":"https:\/\/fulviocortese.it\/index.php?rest_route=%2Fwp%2Fv2%2Fcomments&post=5021"}],"version-history":[{"count":4,"href":"https:\/\/fulviocortese.it\/index.php?rest_route=\/wp\/v2\/pages\/5021\/revisions"}],"predecessor-version":[{"id":5110,"href":"https:\/\/fulviocortese.it\/index.php?rest_route=\/wp\/v2\/pages\/5021\/revisions\/5110"}],"wp:attachment":[{"href":"https:\/\/fulviocortese.it\/index.php?rest_route=%2Fwp%2Fv2%2Fmedia&parent=5021"}],"curies":[{"name":"wp","href":"https:\/\/api.w.org\/{rel}","templated":true}]}}